{"id":12132,"date":"2019-10-05T23:47:21","date_gmt":"2019-10-05T23:47:21","guid":{"rendered":"https:\/\/receitascomvoce.com\/?page_id=3"},"modified":"2019-10-05T23:47:21","modified_gmt":"2019-10-05T23:47:21","slug":"privacy-policy-2","status":"publish","type":"page","link":"https:\/\/receitascomvoce.com\/en\/privacy-policy-2","title":{"rendered":"Privacy Policy"},"content":{"rendered":"<html><body><h2 class=\"wp-block-heading\" id=\"h-pol-tica-de-privacidade-do-site\">Website privacy policy<\/h2>\n\n\n\n<p> All of your personal information collected will be used to help you make your visit to our website as productive and enjoyable as possible. Ensuring the confidentiality of the personal data of users of our website is important for the website. to members, subscribers, customers or visitors who use the website will be treated in accordance with the Personal Data Protection Law of October 26, 1998 (Law no. 67\/98). The personal information collected may include your name, email, telephone and\/or cell phone number, address, date of birth and\/or others. Use of the website presupposes acceptance of this Privacy Agreement. The website team reserves the right to change this agreement without prior notice. Therefore, we recommend that you consult our privacy policy regularly so that you are always up to date. <\/p>\n\n\n\n<h2 class=\"wp-block-heading\" id=\"h-os-an-ncios\"> The ads <\/h2>\n\n\n\n<p> Like other websites, we collect and use information contained in advertisements. The information contained in the advertisements includes your IP (Internet Protocol) address, your ISP (Internet Service Provider, such as Sapo, Clix, or another), the browser you used when visiting our website (such as Internet Explorer or Firefox), the time of your visit and which pages you visited within our website. <\/p>\n\n\n\n<h3 class=\"wp-block-heading\" id=\"h-cookie-doubleclick-dart\"> DoubleClick Dart Cookie <\/h3>\n\n\n\n<p> Google, as a third-party vendor, uses cookies to serve ads on our website; Using the DART cookie, Google can serve ads based on your visits to other websites on the Internet; Users can disable the DART cookie by visiting Policy\u00a0<a href=\"http:\/\/politicaprivacidade.com\/\">content network privacy<\/a>\u00a0and Google ads. <\/p>\n\n\n\n<h3 class=\"wp-block-heading\" id=\"h-os-cookies-e-web-beacons\"> Cookies and Web Beacons <\/h3>\n\n\n\n<p> We use cookies to store information, such as your personal preferences when you visit our website. This may include a simple popup, or a link to various services we provide, such as forums. In addition, we also use third-party advertising on our website to support maintenance costs. Some of these advertisers may use technologies such as cookies and\/or web beacons when they advertise on our website, which will mean that these advertisers (such as Google through Google AdSense) will also receive your personal information, such as your IP address, your ISP, your browser, etc. This function is generally used for geotargeting (showing Lisbon advertising only to readers from Lisbon, e.g.) or showing advertising targeted to a type of user (such as showing restaurant advertising to a user who regularly visits cooking websites, e.g. ).You have the power to turn off your cookies, in your browser options, or by making changes to Anti-Virus program tools, such as Norton Internet Security. However, this may change the way you interact with our website or other websites. This may affect or prevent you from logging into programs, websites or forums on our and other networks. <\/p>\n\n\n\n<h3 class=\"wp-block-heading\" id=\"h-liga-es-a-sites-de-terceiros\"> Links to Third Party Sites <\/h3>\n\n\n\n<p> The Website has links to other websites, which, in our opinion, may contain useful information\/tools for our visitors. Our privacy policy does not apply to third-party websites, so if you visit another website from ours you should read its privacy policy. We are not responsible for the privacy policy or content present on these same websites. <\/p>\n<\/body><\/html>","protected":false},"excerpt":{"rendered":"<p>Website Privacy Policy All your personal information collected will be used to help make your visit to our website as productive and enjoyable as possible. Ensuring the confidentiality of the personal data of our website users is important to the website. All personal information relating to members, subscribers, customers or [\u2026]<\/p>","protected":false},"author":1,"featured_media":0,"parent":0,"menu_order":0,"comment_status":"closed","ping_status":"open","template":"","meta":{"footnotes":""},"yoast_head":"<!-- This site is optimized with the Yoast SEO plugin v22.3 - https:\/\/yoast.com\/wordpress\/plugins\/seo\/ -->\n<title>Pol\u00edtica de privacidade - RECEITASCOMVOC\u00ca-TEC<\/title>\n<meta name=\"robots\" content=\"index, follow, max-snippet:-1, max-image-preview:large, max-video-preview:-1\" \/>\n<link rel=\"canonical\" href=\"https:\/\/receitascomvoce.com\/en\/privacy-policy-2\/\" \/>\n<meta property=\"og:locale\" content=\"en_US\" \/>\n<meta property=\"og:type\" content=\"article\" \/>\n<meta property=\"og:title\" content=\"Pol\u00edtica de privacidade - RECEITASCOMVOC\u00ca-TEC\" \/>\n<meta property=\"og:description\" content=\"Pol\u00edtica de privacidade do site Todas as suas informa\u00e7\u00f5es pessoais recolhidas, ser\u00e3o usadas para o ajudar a tornar a sua visita no nosso site o mais produtiva e agrad\u00e1vel poss\u00edvel.A garantia da confidencialidade dos dados pessoais dos utilizadores do nosso site \u00e9 importante para o site.Todas as informa\u00e7\u00f5es pessoais relativas a membros, assinantes, clientes ou [&hellip;]\" \/>\n<meta property=\"og:url\" content=\"https:\/\/receitascomvoce.com\/en\/privacy-policy-2\/\" \/>\n<meta property=\"og:site_name\" content=\"RECEITASCOMVOC\u00ca-TEC\" \/>\n<meta name=\"twitter:card\" content=\"summary_large_image\" \/>\n<meta name=\"twitter:label1\" content=\"Est. reading time\" \/>\n\t<meta name=\"twitter:data1\" content=\"3 minutes\" \/>\n<script type=\"application\/ld+json\" class=\"yoast-schema-graph\">{\"@context\":\"https:\/\/schema.org\",\"@graph\":[{\"@type\":\"WebPage\",\"@id\":\"https:\/\/receitascomvoce.com\/privacy-policy-2\",\"url\":\"https:\/\/receitascomvoce.com\/privacy-policy-2\",\"name\":\"Pol\u00edtica de privacidade - RECEITASCOMVOC\u00ca-TEC\",\"isPartOf\":{\"@id\":\"https:\/\/receitascomvoce.com\/#website\"},\"datePublished\":\"2019-10-05T23:47:21+00:00\",\"dateModified\":\"2019-10-05T23:47:21+00:00\",\"breadcrumb\":{\"@id\":\"https:\/\/receitascomvoce.com\/privacy-policy-2#breadcrumb\"},\"inLanguage\":\"en-US\",\"potentialAction\":[{\"@type\":\"ReadAction\",\"target\":[\"https:\/\/receitascomvoce.com\/privacy-policy-2\"]}]},{\"@type\":\"BreadcrumbList\",\"@id\":\"https:\/\/receitascomvoce.com\/privacy-policy-2#breadcrumb\",\"itemListElement\":[{\"@type\":\"ListItem\",\"position\":1,\"name\":\"In\u00edcio\",\"item\":\"https:\/\/receitascomvoce.com\/\"},{\"@type\":\"ListItem\",\"position\":2,\"name\":\"Pol\u00edtica de privacidade\"}]},{\"@type\":\"WebSite\",\"@id\":\"https:\/\/receitascomvoce.com\/#website\",\"url\":\"https:\/\/receitascomvoce.com\/\",\"name\":\"RECEITASCOMVOC\u00ca-TEC\",\"description\":\"Portal Onde Voc\u00ea Encontra Tudo Sobre Tecnologia e Receitas para Dia a Dia\",\"publisher\":{\"@id\":\"https:\/\/receitascomvoce.com\/#organization\"},\"potentialAction\":[{\"@type\":\"SearchAction\",\"target\":{\"@type\":\"EntryPoint\",\"urlTemplate\":\"https:\/\/receitascomvoce.com\/?s={search_term_string}\"},\"query-input\":\"required name=search_term_string\"}],\"inLanguage\":\"en-US\"},{\"@type\":\"Organization\",\"@id\":\"https:\/\/receitascomvoce.com\/#organization\",\"name\":\"RECEITASCOMVOC\u00ca-TEC\",\"url\":\"https:\/\/receitascomvoce.com\/\",\"logo\":{\"@type\":\"ImageObject\",\"inLanguage\":\"en-US\",\"@id\":\"https:\/\/receitascomvoce.com\/#\/schema\/logo\/image\/\",\"url\":\"https:\/\/receitascomvoce.com\/wp-content\/uploads\/2023\/10\/cropped-NovaLogo.png\",\"contentUrl\":\"https:\/\/receitascomvoce.com\/wp-content\/uploads\/2023\/10\/cropped-NovaLogo.png\",\"width\":250,\"height\":70,\"caption\":\"RECEITASCOMVOC\u00ca-TEC\"},\"image\":{\"@id\":\"https:\/\/receitascomvoce.com\/#\/schema\/logo\/image\/\"}}]}<\/script>\n<!-- \/ Yoast SEO plugin. -->","yoast_head_json":{"title":"Privacy policy - RECEITASCOMVOC\u00ca-TEC","robots":{"index":"index","follow":"follow","max-snippet":"max-snippet:-1","max-image-preview":"max-image-preview:large","max-video-preview":"max-video-preview:-1"},"canonical":"https:\/\/receitascomvoce.com\/en\/privacy-policy-2\/","og_locale":"en_US","og_type":"article","og_title":"Pol\u00edtica de privacidade - RECEITASCOMVOC\u00ca-TEC","og_description":"Pol\u00edtica de privacidade do site Todas as suas informa\u00e7\u00f5es pessoais recolhidas, ser\u00e3o usadas para o ajudar a tornar a sua visita no nosso site o mais produtiva e agrad\u00e1vel poss\u00edvel.A garantia da confidencialidade dos dados pessoais dos utilizadores do nosso site \u00e9 importante para o site.Todas as informa\u00e7\u00f5es pessoais relativas a membros, assinantes, clientes ou [&hellip;]","og_url":"https:\/\/receitascomvoce.com\/en\/privacy-policy-2\/","og_site_name":"RECEITASCOMVOC\u00ca-TEC","twitter_card":"summary_large_image","twitter_misc":{"Est. reading time":"3 minutes"},"schema":{"@context":"https:\/\/schema.org","@graph":[{"@type":"WebPage","@id":"https:\/\/receitascomvoce.com\/privacy-policy-2","url":"https:\/\/receitascomvoce.com\/privacy-policy-2","name":"Privacy policy - RECEITASCOMVOC\u00ca-TEC","isPartOf":{"@id":"https:\/\/receitascomvoce.com\/#website"},"datePublished":"2019-10-05T23:47:21+00:00","dateModified":"2019-10-05T23:47:21+00:00","breadcrumb":{"@id":"https:\/\/receitascomvoce.com\/privacy-policy-2#breadcrumb"},"inLanguage":"en-US","potentialAction":[{"@type":"ReadAction","target":["https:\/\/receitascomvoce.com\/privacy-policy-2"]}]},{"@type":"BreadcrumbList","@id":"https:\/\/receitascomvoce.com\/privacy-policy-2#breadcrumb","itemListElement":[{"@type":"ListItem","position":1,"name":"In\u00edcio","item":"https:\/\/receitascomvoce.com\/"},{"@type":"ListItem","position":2,"name":"Pol\u00edtica de privacidade"}]},{"@type":"WebSite","@id":"https:\/\/receitascomvoce.com\/#website","url":"https:\/\/receitascomvoce.com\/","name":"RECIPES WITHVOC\u00ca-TEC","description":"Portal Where You Find Everything About Technology and Recipes for Everyday Life","publisher":{"@id":"https:\/\/receitascomvoce.com\/#organization"},"potentialAction":[{"@type":"SearchAction","target":{"@type":"EntryPoint","urlTemplate":"https:\/\/receitascomvoce.com\/?s={search_term_string}"},"query-input":"required name=search_term_string"}],"inLanguage":"en-US"},{"@type":"Organization","@id":"https:\/\/receitascomvoce.com\/#organization","name":"RECIPES WITHVOC\u00ca-TEC","url":"https:\/\/receitascomvoce.com\/","logo":{"@type":"ImageObject","inLanguage":"en-US","@id":"https:\/\/receitascomvoce.com\/#\/schema\/logo\/image\/","url":"https:\/\/receitascomvoce.com\/wp-content\/uploads\/2023\/10\/cropped-NovaLogo.png","contentUrl":"https:\/\/receitascomvoce.com\/wp-content\/uploads\/2023\/10\/cropped-NovaLogo.png","width":250,"height":70,"caption":"RECEITASCOMVOC\u00ca-TEC"},"image":{"@id":"https:\/\/receitascomvoce.com\/#\/schema\/logo\/image\/"}}]}},"_links":{"self":[{"href":"https:\/\/receitascomvoce.com\/en\/wp-json\/wp\/v2\/pages\/12132"}],"collection":[{"href":"https:\/\/receitascomvoce.com\/en\/wp-json\/wp\/v2\/pages"}],"about":[{"href":"https:\/\/receitascomvoce.com\/en\/wp-json\/wp\/v2\/types\/page"}],"author":[{"embeddable":true,"href":"https:\/\/receitascomvoce.com\/en\/wp-json\/wp\/v2\/users\/1"}],"replies":[{"embeddable":true,"href":"https:\/\/receitascomvoce.com\/en\/wp-json\/wp\/v2\/comments?post=12132"}],"version-history":[{"count":0,"href":"https:\/\/receitascomvoce.com\/en\/wp-json\/wp\/v2\/pages\/12132\/revisions"}],"wp:attachment":[{"href":"https:\/\/receitascomvoce.com\/en\/wp-json\/wp\/v2\/media?parent=12132"}],"curies":[{"name":"wp","href":"https:\/\/api.w.org\/{rel}","templated":true}]}}