{"id":12132,"date":"2019-10-05T23:47:21","date_gmt":"2019-10-05T23:47:21","guid":{"rendered":"https:\/\/receitascomvoce.com\/?page_id=3"},"modified":"2019-10-05T23:47:21","modified_gmt":"2019-10-05T23:47:21","slug":"privacy-policy-2","status":"publish","type":"page","link":"https:\/\/receitascomvoce.com\/es\/privacy-policy-2","title":{"rendered":"Pol\u00edtica de privacidad"},"content":{"rendered":"<html><body><h2 class=\"wp-block-heading\" id=\"h-pol-tica-de-privacidade-do-site\">Pol\u00edtica de privacidad del sitio web<\/h2>\n\n\n\n<p> Toda su informaci\u00f3n personal recopilada se utilizar\u00e1 para ayudarlo a que su visita a nuestro sitio web sea lo m\u00e1s productiva y placentera posible. Garantizar la confidencialidad de los datos personales de los usuarios de nuestro sitio web es importante para el sitio web. para miembros, suscriptores, clientes o Los visitantes que utilicen el sitio web ser\u00e1n tratados de acuerdo con la Ley de Protecci\u00f3n de Datos Personales del 26 de octubre de 1998 (Ley n\u00ba 67\/98) La informaci\u00f3n personal recopilada puede incluir su nombre, correo electr\u00f3nico, n\u00famero de tel\u00e9fono y\/o celular, direcci\u00f3n , fecha de nacimiento y\/u otros.El uso del sitio web presupone la aceptaci\u00f3n de este Acuerdo de Privacidad. El equipo del sitio web se reserva el derecho de cambiar este acuerdo sin previo aviso. Por ello, te recomendamos que consultes nuestra pol\u00edtica de privacidad peri\u00f3dicamente para estar siempre actualizada. <\/p>\n\n\n\n<h2 class=\"wp-block-heading\" id=\"h-os-an-ncios\"> Los anuncios <\/h2>\n\n\n\n<p> Al igual que otros sitios web, recopilamos y utilizamos informaci\u00f3n contenida en anuncios. La informaci\u00f3n contenida en los anuncios incluye su direcci\u00f3n IP (Protocolo de Internet), su ISP (Proveedor de servicios de Internet, como Sapo, Clix u otro), el navegador que utiliz\u00f3 al visitar nuestro sitio web (como Internet Explorer o Firefox), el hora de su visita y qu\u00e9 p\u00e1ginas visit\u00f3 dentro de nuestro sitio web. <\/p>\n\n\n\n<h3 class=\"wp-block-heading\" id=\"h-cookie-doubleclick-dart\"> Cookie de dardo de DoubleClick <\/h3>\n\n\n\n<p> Google, como proveedor externo, utiliza cookies para publicar anuncios en nuestro sitio web; utilizando la cookie de DART, Google puede publicar anuncios basados en sus visitas a otros sitios web en Internet; los usuarios pueden desactivar la cookie de DART visitando Pol\u00edtica\u00a0<a href=\"http:\/\/politicaprivacidade.com\/\">privacidad de la red de contenido<\/a>\u00a0y anuncios de Google. <\/p>\n\n\n\n<h3 class=\"wp-block-heading\" id=\"h-os-cookies-e-web-beacons\"> Cookies y balizas web <\/h3>\n\n\n\n<p> Utilizamos cookies para almacenar informaci\u00f3n, como sus preferencias personales cuando visita nuestro sitio web. Esto puede incluir una ventana emergente simple o un enlace a varios servicios que brindamos, como foros. Adem\u00e1s, tambi\u00e9n utilizamos publicidad de terceros en nuestro sitio web para cubrir los costos de mantenimiento. Algunos de estos anunciantes pueden utilizar tecnolog\u00edas como cookies y\/o web beacons cuando se anuncian en nuestro sitio web, lo que significar\u00e1 que estos anunciantes (como Google a trav\u00e9s de Google AdSense) tambi\u00e9n recibir\u00e1n su informaci\u00f3n personal, como su direcci\u00f3n IP, su ISP, su navegador, etc. Esta funci\u00f3n se utiliza generalmente para la orientaci\u00f3n geogr\u00e1fica (por ejemplo, mostrar publicidad de Lisboa solo a lectores de Lisboa) o para mostrar publicidad dirigida a un tipo de usuario (como mostrar publicidad de restaurantes a un usuario que visita regularmente sitios web de cocina, por ejemplo). para desactivar las cookies, en las opciones de su navegador o realizando cambios en las herramientas del programa antivirus, como Norton Internet Security. Sin embargo, esto puede cambiar la forma en que interact\u00faa con nuestro sitio web u otros sitios web. Esto puede afectar o impedir que inicie sesi\u00f3n en programas, sitios web o foros en nuestra y otras redes. <\/p>\n\n\n\n<h3 class=\"wp-block-heading\" id=\"h-liga-es-a-sites-de-terceiros\"> Enlaces a sitios de terceros <\/h3>\n\n\n\n<p> El sitio web tiene enlaces a otros sitios web que, en nuestra opini\u00f3n, pueden contener informaci\u00f3n\/herramientas \u00fatiles para nuestros visitantes. Nuestra pol\u00edtica de privacidad no se aplica a sitios web de terceros, por lo que si visita otro sitio web nuestro, debe leer su pol\u00edtica de privacidad. No somos responsables de la pol\u00edtica de privacidad ni del contenido presente en estos mismos sitios web. <\/p>\n<\/body><\/html>","protected":false},"excerpt":{"rendered":"<p>Pol\u00edtica de privacidad del sitio web Toda su informaci\u00f3n personal recopilada se utilizar\u00e1 para ayudar a que su visita a nuestro sitio web sea lo m\u00e1s productiva y placentera posible. Garantizar la confidencialidad de los datos personales de los usuarios de nuestro sitio web es importante para el sitio web. miembros, suscriptores, clientes o [\u2026]<\/p>","protected":false},"author":1,"featured_media":0,"parent":0,"menu_order":0,"comment_status":"closed","ping_status":"open","template":"","meta":{"footnotes":""},"yoast_head":"<!-- This site is optimized with the Yoast SEO plugin v22.3 - https:\/\/yoast.com\/wordpress\/plugins\/seo\/ -->\n<title>Pol\u00edtica de privacidade - RECEITASCOMVOC\u00ca-TEC<\/title>\n<meta name=\"robots\" content=\"index, follow, max-snippet:-1, max-image-preview:large, max-video-preview:-1\" \/>\n<link rel=\"canonical\" href=\"https:\/\/receitascomvoce.com\/es\/privacy-policy-2\/\" \/>\n<meta property=\"og:locale\" content=\"es_ES\" \/>\n<meta property=\"og:type\" content=\"article\" \/>\n<meta property=\"og:title\" content=\"Pol\u00edtica de privacidade - RECEITASCOMVOC\u00ca-TEC\" \/>\n<meta property=\"og:description\" content=\"Pol\u00edtica de privacidade do site Todas as suas informa\u00e7\u00f5es pessoais recolhidas, ser\u00e3o usadas para o ajudar a tornar a sua visita no nosso site o mais produtiva e agrad\u00e1vel poss\u00edvel.A garantia da confidencialidade dos dados pessoais dos utilizadores do nosso site \u00e9 importante para o site.Todas as informa\u00e7\u00f5es pessoais relativas a membros, assinantes, clientes ou [&hellip;]\" \/>\n<meta property=\"og:url\" content=\"https:\/\/receitascomvoce.com\/es\/privacy-policy-2\/\" \/>\n<meta property=\"og:site_name\" content=\"RECEITASCOMVOC\u00ca-TEC\" \/>\n<meta name=\"twitter:card\" content=\"summary_large_image\" \/>\n<meta name=\"twitter:label1\" content=\"Est. reading time\" \/>\n\t<meta name=\"twitter:data1\" content=\"3 minutes\" \/>\n<script type=\"application\/ld+json\" class=\"yoast-schema-graph\">{\"@context\":\"https:\/\/schema.org\",\"@graph\":[{\"@type\":\"WebPage\",\"@id\":\"https:\/\/receitascomvoce.com\/privacy-policy-2\",\"url\":\"https:\/\/receitascomvoce.com\/privacy-policy-2\",\"name\":\"Pol\u00edtica de privacidade - RECEITASCOMVOC\u00ca-TEC\",\"isPartOf\":{\"@id\":\"https:\/\/receitascomvoce.com\/#website\"},\"datePublished\":\"2019-10-05T23:47:21+00:00\",\"dateModified\":\"2019-10-05T23:47:21+00:00\",\"breadcrumb\":{\"@id\":\"https:\/\/receitascomvoce.com\/privacy-policy-2#breadcrumb\"},\"inLanguage\":\"es-ES\",\"potentialAction\":[{\"@type\":\"ReadAction\",\"target\":[\"https:\/\/receitascomvoce.com\/privacy-policy-2\"]}]},{\"@type\":\"BreadcrumbList\",\"@id\":\"https:\/\/receitascomvoce.com\/privacy-policy-2#breadcrumb\",\"itemListElement\":[{\"@type\":\"ListItem\",\"position\":1,\"name\":\"In\u00edcio\",\"item\":\"https:\/\/receitascomvoce.com\/\"},{\"@type\":\"ListItem\",\"position\":2,\"name\":\"Pol\u00edtica de privacidade\"}]},{\"@type\":\"WebSite\",\"@id\":\"https:\/\/receitascomvoce.com\/#website\",\"url\":\"https:\/\/receitascomvoce.com\/\",\"name\":\"RECEITASCOMVOC\u00ca-TEC\",\"description\":\"Portal Onde Voc\u00ea Encontra Tudo Sobre Tecnologia e Receitas para Dia a Dia\",\"publisher\":{\"@id\":\"https:\/\/receitascomvoce.com\/#organization\"},\"potentialAction\":[{\"@type\":\"SearchAction\",\"target\":{\"@type\":\"EntryPoint\",\"urlTemplate\":\"https:\/\/receitascomvoce.com\/?s={search_term_string}\"},\"query-input\":\"required name=search_term_string\"}],\"inLanguage\":\"es-ES\"},{\"@type\":\"Organization\",\"@id\":\"https:\/\/receitascomvoce.com\/#organization\",\"name\":\"RECEITASCOMVOC\u00ca-TEC\",\"url\":\"https:\/\/receitascomvoce.com\/\",\"logo\":{\"@type\":\"ImageObject\",\"inLanguage\":\"es-ES\",\"@id\":\"https:\/\/receitascomvoce.com\/#\/schema\/logo\/image\/\",\"url\":\"https:\/\/receitascomvoce.com\/wp-content\/uploads\/2023\/10\/cropped-NovaLogo.png\",\"contentUrl\":\"https:\/\/receitascomvoce.com\/wp-content\/uploads\/2023\/10\/cropped-NovaLogo.png\",\"width\":250,\"height\":70,\"caption\":\"RECEITASCOMVOC\u00ca-TEC\"},\"image\":{\"@id\":\"https:\/\/receitascomvoce.com\/#\/schema\/logo\/image\/\"}}]}<\/script>\n<!-- \/ Yoast SEO plugin. -->","yoast_head_json":{"title":"Pol\u00edtica de privacidad - RECEITASCOMVOC\u00ca-TEC","robots":{"index":"index","follow":"follow","max-snippet":"max-snippet:-1","max-image-preview":"max-image-preview:large","max-video-preview":"max-video-preview:-1"},"canonical":"https:\/\/receitascomvoce.com\/es\/privacy-policy-2\/","og_locale":"es_ES","og_type":"article","og_title":"Pol\u00edtica de privacidade - RECEITASCOMVOC\u00ca-TEC","og_description":"Pol\u00edtica de privacidade do site Todas as suas informa\u00e7\u00f5es pessoais recolhidas, ser\u00e3o usadas para o ajudar a tornar a sua visita no nosso site o mais produtiva e agrad\u00e1vel poss\u00edvel.A garantia da confidencialidade dos dados pessoais dos utilizadores do nosso site \u00e9 importante para o site.Todas as informa\u00e7\u00f5es pessoais relativas a membros, assinantes, clientes ou [&hellip;]","og_url":"https:\/\/receitascomvoce.com\/es\/privacy-policy-2\/","og_site_name":"RECEITASCOMVOC\u00ca-TEC","twitter_card":"summary_large_image","twitter_misc":{"Est. reading time":"3 minutes"},"schema":{"@context":"https:\/\/schema.org","@graph":[{"@type":"WebPage","@id":"https:\/\/receitascomvoce.com\/privacy-policy-2","url":"https:\/\/receitascomvoce.com\/privacy-policy-2","name":"Pol\u00edtica de privacidad - RECEITASCOMVOC\u00ca-TEC","isPartOf":{"@id":"https:\/\/receitascomvoce.com\/#website"},"datePublished":"2019-10-05T23:47:21+00:00","dateModified":"2019-10-05T23:47:21+00:00","breadcrumb":{"@id":"https:\/\/receitascomvoce.com\/privacy-policy-2#breadcrumb"},"inLanguage":"es-ES","potentialAction":[{"@type":"ReadAction","target":["https:\/\/receitascomvoce.com\/privacy-policy-2"]}]},{"@type":"BreadcrumbList","@id":"https:\/\/receitascomvoce.com\/privacy-policy-2#breadcrumb","itemListElement":[{"@type":"ListItem","position":1,"name":"In\u00edcio","item":"https:\/\/receitascomvoce.com\/"},{"@type":"ListItem","position":2,"name":"Pol\u00edtica de privacidade"}]},{"@type":"WebSite","@id":"https:\/\/receitascomvoce.com\/#website","url":"https:\/\/receitascomvoce.com\/","name":"RECETAS CON VOC\u00ca-TEC","description":"Portal Donde Encuentras Todo Sobre Tecnolog\u00eda y Recetas Para El D\u00eda A D\u00eda","publisher":{"@id":"https:\/\/receitascomvoce.com\/#organization"},"potentialAction":[{"@type":"SearchAction","target":{"@type":"EntryPoint","urlTemplate":"https:\/\/receitascomvoce.com\/?s={search_term_string}"},"query-input":"required name=search_term_string"}],"inLanguage":"es-ES"},{"@type":"Organization","@id":"https:\/\/receitascomvoce.com\/#organization","name":"RECETAS CON VOC\u00ca-TEC","url":"https:\/\/receitascomvoce.com\/","logo":{"@type":"ImageObject","inLanguage":"es-ES","@id":"https:\/\/receitascomvoce.com\/#\/schema\/logo\/image\/","url":"https:\/\/receitascomvoce.com\/wp-content\/uploads\/2023\/10\/cropped-NovaLogo.png","contentUrl":"https:\/\/receitascomvoce.com\/wp-content\/uploads\/2023\/10\/cropped-NovaLogo.png","width":250,"height":70,"caption":"RECEITASCOMVOC\u00ca-TEC"},"image":{"@id":"https:\/\/receitascomvoce.com\/#\/schema\/logo\/image\/"}}]}},"_links":{"self":[{"href":"https:\/\/receitascomvoce.com\/es\/wp-json\/wp\/v2\/pages\/12132"}],"collection":[{"href":"https:\/\/receitascomvoce.com\/es\/wp-json\/wp\/v2\/pages"}],"about":[{"href":"https:\/\/receitascomvoce.com\/es\/wp-json\/wp\/v2\/types\/page"}],"author":[{"embeddable":true,"href":"https:\/\/receitascomvoce.com\/es\/wp-json\/wp\/v2\/users\/1"}],"replies":[{"embeddable":true,"href":"https:\/\/receitascomvoce.com\/es\/wp-json\/wp\/v2\/comments?post=12132"}],"version-history":[{"count":0,"href":"https:\/\/receitascomvoce.com\/es\/wp-json\/wp\/v2\/pages\/12132\/revisions"}],"wp:attachment":[{"href":"https:\/\/receitascomvoce.com\/es\/wp-json\/wp\/v2\/media?parent=12132"}],"curies":[{"name":"wp","href":"https:\/\/api.w.org\/{rel}","templated":true}]}}